{"id":2710,"date":"2022-12-28T14:16:52","date_gmt":"2022-12-28T14:16:52","guid":{"rendered":"http:\/\/kancelariamediatora.pl\/?page_id=2710"},"modified":"2023-01-03T09:08:49","modified_gmt":"2023-01-03T09:08:49","slug":"cennik","status":"publish","type":"page","link":"https:\/\/kancelariamediatora.pl\/?page_id=2710","title":{"rendered":"Koszty Mediacji"},"content":{"rendered":"\n<p class=\"has-background\" style=\"background-color:#f7f7f7\"><strong>W sprawach pozas\u0105dowych <\/strong>&#8211; koszt mediacji wynika z zawartej umowy o mediacj\u0119. Dotyczy on wynagrodzenia za spraw\u0119 lub jest liczony wg stawki godzinowej . Kwota bazowa stawki godzinowej to 100 z\u0142\/godz.<\/p>\n\n\n\n<p class=\"has-background\" style=\"background-color:#f7f7f7\"><strong>W sprawach ze skierowania s\u0105du<\/strong> &#8211; koszt mediacji okre\u015bla rozporz\u0105dzenie Ministra Sprawiedliwo\u015bci z dnia 20 czerwca 2016 roku w sprawie wysoko\u015bci wynagrodzenia i podlegaj\u0105cych zwrotowi wydatk\u00f3w mediatora w post\u0119powaniu cywilnym&nbsp; (Dz.U. z 2016 r. poz. 921).<\/p>\n\n\n\n<h2 class=\"wp-block-heading\">I tak :<\/h2>\n\n\n\n<p class=\"has-background\" style=\"background-color:#f1cd94\"><strong>W sprawach o prawa maj\u0105tkowe<\/strong>&nbsp;wynagrodzenie mediatora wynosi 1% warto\u015bci przedmiotu sporu, jednak nie mniej ni\u017c 150 z\u0142otych i nie wi\u0119cej ni\u017c 2000 z\u0142otych za ca\u0142o\u015b\u0107 post\u0119powania mediacyjnego.<\/p>\n\n\n\n<p class=\"has-light-gray-background-color has-background\"><strong>W sprawach o prawa maj\u0105tkowe, w kt\u00f3rych warto\u015bci przedmiotu sporu nie da si\u0119 ustali\u0107<\/strong>&nbsp;oraz w&nbsp;<strong>sprawach o prawa niemaj\u0105tkowe<\/strong>&nbsp;wynagrodzenie mediatora za prowadzenie post\u0119powania mediacyjnego wynosi za pierwsze posiedzenie 150 z\u0142otych, a za ka\u017cde kolejne &#8211; 100 z\u0142otych, \u0142\u0105cznie nie wi\u0119cej ni\u017c 450 z\u0142otych.<\/p>\n\n\n\n<p class=\"has-background\" style=\"background-color:#e8ef84\">Zwrotowi podlegaj\u0105 udokumentowane i niezb\u0119dne wydatki mediatora poniesione w zwi\u0105zku z przeprowadzeniem mediacji na pokrycie koszt\u00f3w:<\/p>\n\n\n\n<p class=\"has-light-gray-background-color has-background\">1) przejazd\u00f3w &#8211; w wysoko\u015bci i na warunkach okre\u015blonych w przepisach dotycz\u0105cych wysoko\u015bci oraz warunk\u00f3w ustalania nale\u017cno\u015bci przys\u0142uguj\u0105cych pracownikowi zatrudnionemu w pa\u0144stwowej lub samorz\u0105dowej jednostce sfery bud\u017cetowej z tytu\u0142u podr\u00f3\u017cy s\u0142u\u017cbowej;<\/p>\n\n\n\n<p class=\"has-light-gray-background-color has-background\">2) wynajmu pomieszczenia niezb\u0119dnego do przeprowadzenia posiedzenia mediacyjnego, w wysoko\u015bci nieprzekraczaj\u0105cej 70 z\u0142otych za jedno posiedzenie;<\/p>\n\n\n\n<p class=\"has-light-gray-background-color has-background\">3) korespondencji, w wysoko\u015bci nieprzekraczaj\u0105cej 30 z\u0142otych.<\/p>\n\n\n\n<p class=\"has-background\" style=\"background-color:#73fbdf\">Wynagrodzenie mediatora i zwrot wydatk\u00f3w zwi\u0105zanych z przeprowadzeniem mediacji co do zasady ponosz\u0105 strony.<\/p>\n\n\n\n<p class=\"has-background\" style=\"background-color:#73fbdf\">Koszty mediacji prowadzonej na skutek skierowania przez s\u0105d i zako\u0144czonej ugod\u0105 znosi si\u0119 wzajemnie, je\u017celi strony nie postanowi\u0142y inaczej (art. 104<sup>1<\/sup>&nbsp;k.p.c.).<\/p>\n\n\n\n<p class=\"has-light-gray-background-color has-background\">Niezale\u017cnie od wyniku sprawy s\u0105d mo\u017ce w\u0142o\u017cy\u0107 na stron\u0119 obowi\u0105zek zwrotu koszt\u00f3w powsta\u0142ych wskutek oczywi\u015bcie nieuzasadnionej odmowy poddania si\u0119 mediacji (art. 103 \u00a7 1 i 2 k.p.c.).<\/p>\n\n\n\n<p class=\"has-light-gray-background-color has-background\">S\u0105d z urz\u0119du zwraca stronie trzy czwarte uiszczonej op\u0142aty od pisma wszczynaj\u0105cego post\u0119powanie w pierwszej instancji oraz zarzut\u00f3w od nakazu zap\u0142aty, je\u017celi w toku post\u0119powania s\u0105dowego zawarto ugod\u0119 przed mediatorem po rozpocz\u0119ciu rozprawy (art. 79 ust. 1 pkt 2 lit. a) ustawy z dnia 28 lipca 2005 roku o kosztach s\u0105dowych w sprawach cywilnych t.j. Dz.U. z 2020 r. poz. 755).<\/p>\n","protected":false},"excerpt":{"rendered":"<p>W sprawach pozas\u0105dowych &#8211; koszt mediacji wynika z zawartej umowy o mediacj\u0119. Dotyczy on wynagrodzenia za spraw\u0119 lub jest liczony<\/p>\n<p><a href=\"https:\/\/kancelariamediatora.pl\/?page_id=2710\" class=\"more-link\">Continue reading<span class=\"screen-reader-text\">Koszty Mediacji<\/span><\/a><\/p>\n","protected":false},"author":1,"featured_media":0,"parent":0,"menu_order":0,"comment_status":"closed","ping_status":"closed","template":"","meta":{"om_disable_all_campaigns":false,"_monsterinsights_skip_tracking":false,"_monsterinsights_sitenote_active":false,"_monsterinsights_sitenote_note":"","_monsterinsights_sitenote_category":0,"footnotes":""},"class_list":["post-2710","page","type-page","status-publish","hentry"],"aioseo_notices":[],"_links":{"self":[{"href":"https:\/\/kancelariamediatora.pl\/index.php?rest_route=\/wp\/v2\/pages\/2710","targetHints":{"allow":["GET"]}}],"collection":[{"href":"https:\/\/kancelariamediatora.pl\/index.php?rest_route=\/wp\/v2\/pages"}],"about":[{"href":"https:\/\/kancelariamediatora.pl\/index.php?rest_route=\/wp\/v2\/types\/page"}],"author":[{"embeddable":true,"href":"https:\/\/kancelariamediatora.pl\/index.php?rest_route=\/wp\/v2\/users\/1"}],"replies":[{"embeddable":true,"href":"https:\/\/kancelariamediatora.pl\/index.php?rest_route=%2Fwp%2Fv2%2Fcomments&post=2710"}],"version-history":[{"count":8,"href":"https:\/\/kancelariamediatora.pl\/index.php?rest_route=\/wp\/v2\/pages\/2710\/revisions"}],"predecessor-version":[{"id":2853,"href":"https:\/\/kancelariamediatora.pl\/index.php?rest_route=\/wp\/v2\/pages\/2710\/revisions\/2853"}],"wp:attachment":[{"href":"https:\/\/kancelariamediatora.pl\/index.php?rest_route=%2Fwp%2Fv2%2Fmedia&parent=2710"}],"curies":[{"name":"wp","href":"https:\/\/api.w.org\/{rel}","templated":true}]}}