{"id":2500,"date":"2021-05-11T10:46:37","date_gmt":"2021-03-09T14:34:09","guid":{"rendered":"http:\/\/kancelariamediatora.pl\/?page_id=2500"},"modified":"2025-12-27T20:43:08","modified_gmt":"2025-12-27T20:43:08","slug":"menu","status":"publish","type":"page","link":"https:\/\/kancelariamediatora.pl\/","title":{"rendered":"Efektywne Rozwi\u0105zywanie Spor\u00f3w Rodzinnych i Cywilnych"},"content":{"rendered":"\n<div class=\"wp-block-buttons is-layout-flex wp-block-buttons-is-layout-flex\">\n<div class=\"wp-block-button\"><a class=\"wp-block-button__link has-text-color has-background wp-element-button\" style=\"color:#f0f2f3;background-color:#f8031f\">Mediacje Rodzinne  &#8211;  kliknij <\/a><\/div>\n<\/div>\n\n\n\n<div class=\"wp-block-columns is-layout-flex wp-container-core-columns-is-layout-9d6595d7 wp-block-columns-is-layout-flex\">\n<div class=\"wp-block-column is-layout-flow wp-block-column-is-layout-flow\" style=\"flex-basis:33.34%\">\n<ul class=\"wp-block-list\">\n<li><strong><span style=\"color:#1500a3\" class=\"has-inline-color\">Rozwody<\/span><\/strong><\/li>\n\n\n\n<li><strong><span style=\"color:#1500a3\" class=\"has-inline-color\">Alimenty<\/span><\/strong><\/li>\n\n\n\n<li><strong><span style=\"color:#1500a3\" class=\"has-inline-color\">Terapia Par<\/span><\/strong><\/li>\n<\/ul>\n<\/div>\n\n\n\n<div class=\"wp-block-column is-layout-flow wp-block-column-is-layout-flow\" style=\"flex-basis:33.34%\">\n<ul class=\"wp-block-list\">\n<li><strong><span style=\"color:#1000a3\" class=\"has-inline-color\">Kontakty z dzieckiem<\/span><\/strong><\/li>\n\n\n\n<li><strong><span style=\"color:#1000a3\" class=\"has-inline-color\">Podzia\u0142y maj\u0105tku<\/span><\/strong><\/li>\n\n\n\n<li><strong><span style=\"color:#1000a3\" class=\"has-inline-color\">Spory i pojednania<\/span><\/strong><\/li>\n<\/ul>\n<\/div>\n\n\n\n<div class=\"wp-block-column is-layout-flow wp-block-column-is-layout-flow\" style=\"flex-basis:33.33%\">\n<ul class=\"wp-block-list\">\n<li><strong><span style=\"color:#0006a3\" class=\"has-inline-color\">Terapia Powiernicza<\/span><\/strong><\/li>\n\n\n\n<li><strong><span style=\"color:#0006a3\" class=\"has-inline-color\">Interwencja kryzysowa<\/span><\/strong><\/li>\n\n\n\n<li><strong><span style=\"color:#0006a3\" class=\"has-inline-color\">Rozwi\u0105zywanie konflikt\u00f3w<\/span><\/strong><\/li>\n<\/ul>\n<\/div>\n<\/div>\n\n\n\n<div class=\"wp-block-columns are-vertically-aligned-top is-layout-flex wp-container-core-columns-is-layout-9d6595d7 wp-block-columns-is-layout-flex\">\n<div class=\"wp-block-column is-vertically-aligned-top is-layout-flow wp-block-column-is-layout-flow\" style=\"flex-basis:100%\">\n<div class=\"wp-block-buttons alignwide is-layout-flex wp-block-buttons-is-layout-flex\">\n<div class=\"wp-block-button has-custom-width wp-block-button__width-100\"><a class=\"wp-block-button__link has-black-color has-text-color has-background wp-element-button\" style=\"background-color:#6acbf5\">Mediacje Cywilne &#8211; Kliknij <\/a><\/div>\n<\/div>\n\n\n\n<div class=\"wp-block-columns is-layout-flex wp-container-core-columns-is-layout-9d6595d7 wp-block-columns-is-layout-flex\">\n<div class=\"wp-block-column is-layout-flow wp-block-column-is-layout-flow\" style=\"flex-basis:33.34%\">\n<ul style=\"color:#eb08c5\" class=\"wp-block-list has-white-background-color has-text-color has-background\">\n<li><strong><span style=\"color:#454545\" class=\"has-inline-color\">Spadki<\/span><\/strong><\/li>\n\n\n\n<li><strong><span style=\"color:#454545\" class=\"has-inline-color\">Nieruchomo\u015bci<\/span><\/strong><\/li>\n\n\n\n<li><strong><span style=\"color:#454545\" class=\"has-inline-color\">Odszkodowania za ustanowienie s\u0142u\u017cebno\u015bci przesy\u0142u<\/span><\/strong><\/li>\n<\/ul>\n<\/div>\n\n\n\n<div class=\"wp-block-column is-layout-flow wp-block-column-is-layout-flow\" style=\"flex-basis:33.34%\">\n<ul class=\"wp-block-list\">\n<li><strong><span style=\"color:#a3008e\" class=\"has-inline-color\">Spory i ugody<\/span><\/strong><\/li>\n\n\n\n<li><strong><span style=\"color:#a3008e\" class=\"has-inline-color\">Podzia\u0142y maj\u0105tku<\/span><\/strong><\/li>\n\n\n\n<li><span style=\"color:#a300a0\" class=\"has-inline-color\"><strong>B\u0142\u0119dy Medyczne<\/strong><\/span><\/li>\n<\/ul>\n<\/div>\n\n\n\n<div class=\"wp-block-column is-layout-flow wp-block-column-is-layout-flow\" style=\"flex-basis:33.33%\">\n<ul class=\"wp-block-list\">\n<li><strong><span style=\"color:#a30073\" class=\"has-inline-color\">Konflikty S\u0105siedzkie <\/span><\/strong><\/li>\n\n\n\n<li><strong><span style=\"color:#a3006a\" class=\"has-inline-color\">Spory Administracyjne<\/span><\/strong><\/li>\n\n\n\n<li><strong><span style=\"color:#a30073\" class=\"has-inline-color\">Inne<\/span><\/strong><\/li>\n<\/ul>\n<\/div>\n<\/div>\n<\/div>\n<\/div>\n\n\n\n<div class=\"wp-block-buttons is-layout-flex wp-block-buttons-is-layout-flex\">\n<div class=\"wp-block-button\"><a class=\"wp-block-button__link has-black-color has-text-color has-background wp-element-button\" style=\"background-color:#f5f107\">Mediacje Gospodarcze -kliknij<\/a><\/div>\n<\/div>\n\n\n\n<div class=\"wp-block-columns is-layout-flex wp-container-core-columns-is-layout-9d6595d7 wp-block-columns-is-layout-flex\">\n<div class=\"wp-block-column is-layout-flow wp-block-column-is-layout-flow\" style=\"flex-basis:33.33%\">\n<ul class=\"wp-block-list\">\n<li><strong><span style=\"color:#fe0526\" class=\"has-inline-color\">Spory o zap\u0142at\u0119<\/span><\/strong><\/li>\n\n\n\n<li><strong><span style=\"color:#fe0526\" class=\"has-inline-color\">Spory o tre\u015bci Um\u00f3w<\/span><\/strong><\/li>\n<\/ul>\n<\/div>\n\n\n\n<div class=\"wp-block-column is-layout-flow wp-block-column-is-layout-flow\" style=\"flex-basis:33.33%\">\n<ul class=\"wp-block-list\">\n<li><strong><span style=\"color:#fc081c\" class=\"has-inline-color\">Ugody i pojednania<\/span><\/strong><\/li>\n\n\n\n<li><strong><span style=\"color:#fc081c\" class=\"has-inline-color\">Prawa autorskie<\/span><\/strong><\/li>\n<\/ul>\n<\/div>\n\n\n\n<div class=\"wp-block-column is-layout-flow wp-block-column-is-layout-flow\" style=\"flex-basis:33.33%\">\n<ul class=\"wp-block-list\">\n<li><strong><span style=\"color:#fc050a\" class=\"has-inline-color\">Reklamacje<\/span><\/strong><\/li>\n\n\n\n<li><strong><span style=\"color:#fc050a\" class=\"has-inline-color\">Windykacje<\/span><\/strong><\/li>\n<\/ul>\n<\/div>\n<\/div>\n\n\n\n<h4 class=\"wp-block-heading\">Terapia Powiernicza &#8211; pomaga osobom osamotnionym w kryzysie<\/h4>\n\n\n\n<div class=\"wp-block-buttons is-layout-flex wp-block-buttons-is-layout-flex\">\n<div class=\"wp-block-button\"><a class=\"wp-block-button__link has-text-color has-background wp-element-button\" style=\"color:#f5f9f9;background-color:#ed190c\">jak dzia\u0142a terapia powiernicza<\/a><\/div>\n\n\n\n<div class=\"wp-block-button is-style-fill\"><a class=\"wp-block-button__link has-text-color has-background wp-element-button\" style=\"color:#f5f9f9;background-color:#ed190c\">spotkania Osobiste i ONLINE<\/a><\/div>\n<\/div>\n\n\n\n<h4 class=\"wp-block-heading\">Nasze Szkolenia :<\/h4>\n\n\n\n<div class=\"wp-block-group\"><div class=\"wp-block-group__inner-container is-layout-flow wp-block-group-is-layout-flow\">\n<div class=\"wp-block-algori-image-video-slider-block-algori-image-video-slider dots-style-1-off-slide arrows-style-1-off-slide\" data-slick=\"{&quot;dots&quot;:true,&quot;arrows&quot;:true,&quot;autoplay&quot;:true,&quot;pauseOnFocus&quot;:false,&quot;rtl&quot;:false,&quot;vertical&quot;:false,&quot;fade&quot;:false,&quot;lazyLoad&quot;:false,&quot;centerMode&quot;:false,&quot;infinite&quot;:true,&quot;adaptiveHeight&quot;:true,&quot;speed&quot;:500,&quot;autoplaySpeed&quot;:3000,&quot;slidesToShow&quot;:1,&quot;slidesToScroll&quot;:1,&quot;rows&quot;:1,&quot;slidesPerRow&quot;:1}\"><div><figure class=\"algori-image-video-slider-slide-container\"><img decoding=\"async\" src=\"http:\/\/kancelariamediatora.pl\/wp-content\/uploads\/2022\/12\/Francuzik-bez-daty-e1672237685427.jpg\" alt=\"\"\/><\/figure><\/div><div><figure class=\"algori-image-video-slider-slide-container\"><img decoding=\"async\" src=\"http:\/\/kancelariamediatora.pl\/wp-content\/uploads\/2023\/01\/7.jpg\" alt=\"\"\/><\/figure><\/div><div><figure class=\"algori-image-video-slider-slide-container\"><img decoding=\"async\" src=\"http:\/\/kancelariamediatora.pl\/wp-content\/uploads\/2023\/01\/2.jpg\" alt=\"\"\/><\/figure><\/div><div><figure class=\"algori-image-video-slider-slide-container\"><img decoding=\"async\" src=\"http:\/\/kancelariamediatora.pl\/wp-content\/uploads\/2023\/01\/13.jpg\" alt=\"\"\/><\/figure><\/div><div><figure class=\"algori-image-video-slider-slide-container\"><img decoding=\"async\" src=\"http:\/\/kancelariamediatora.pl\/wp-content\/uploads\/2023\/01\/success-784350_1920.jpg\" alt=\"\"\/><\/figure><\/div><\/div>\n<\/div><\/div>\n\n\n\n<h4 class=\"wp-block-heading\">Polecane strony  :<\/h4>\n\n\n\n<div class=\"wp-block-buttons is-layout-flex wp-block-buttons-is-layout-flex\">\n<div class=\"wp-block-button\"><a class=\"wp-block-button__link has-text-color has-background wp-element-button\" href=\"http:\/\/osobistypowiernik.pl\" style=\"color:#f2f5f6;background-color:#f8061a\" target=\"_blank\" rel=\"noreferrer noopener\">osobistypowiernik.pl<\/a><\/div>\n\n\n\n<div class=\"wp-block-button\"><a class=\"wp-block-button__link has-text-color has-background wp-element-button\" href=\"http:\/\/osobistypowiernik.pl\" style=\"color:#f2f5f6;background-color:#f8061a\" target=\"_blank\" rel=\"noreferrer noopener\">Terapeutapowiernik.pl <\/a><\/div>\n\n\n\n<div class=\"wp-block-button\"><a class=\"wp-block-button__link has-text-color has-background wp-element-button\" href=\"http:\/\/osobistypowiernik.pl\" style=\"color:#f2f5f6;background-color:#f8061a\" target=\"_blank\" rel=\"noreferrer noopener\">Terapeuta Interwencji kryzysowej<\/a><\/div>\n<\/div>\n\n\n\n<p><\/p>\n","protected":false},"excerpt":{"rendered":"<p>Terapia Powiernicza &#8211; pomaga osobom osamotnionym w kryzysie Nasze Szkolenia : Polecane strony :<\/p>\n","protected":false},"author":1,"featured_media":0,"parent":0,"menu_order":0,"comment_status":"closed","ping_status":"closed","template":"","meta":{"om_disable_all_campaigns":false,"_monsterinsights_skip_tracking":false,"_monsterinsights_sitenote_active":false,"_monsterinsights_sitenote_note":"","_monsterinsights_sitenote_category":0,"footnotes":""},"class_list":["post-2500","page","type-page","status-publish","hentry"],"aioseo_notices":[],"_links":{"self":[{"href":"https:\/\/kancelariamediatora.pl\/index.php?rest_route=\/wp\/v2\/pages\/2500","targetHints":{"allow":["GET"]}}],"collection":[{"href":"https:\/\/kancelariamediatora.pl\/index.php?rest_route=\/wp\/v2\/pages"}],"about":[{"href":"https:\/\/kancelariamediatora.pl\/index.php?rest_route=\/wp\/v2\/types\/page"}],"author":[{"embeddable":true,"href":"https:\/\/kancelariamediatora.pl\/index.php?rest_route=\/wp\/v2\/users\/1"}],"replies":[{"embeddable":true,"href":"https:\/\/kancelariamediatora.pl\/index.php?rest_route=%2Fwp%2Fv2%2Fcomments&post=2500"}],"version-history":[{"count":75,"href":"https:\/\/kancelariamediatora.pl\/index.php?rest_route=\/wp\/v2\/pages\/2500\/revisions"}],"predecessor-version":[{"id":2955,"href":"https:\/\/kancelariamediatora.pl\/index.php?rest_route=\/wp\/v2\/pages\/2500\/revisions\/2955"}],"wp:attachment":[{"href":"https:\/\/kancelariamediatora.pl\/index.php?rest_route=%2Fwp%2Fv2%2Fmedia&parent=2500"}],"curies":[{"name":"wp","href":"https:\/\/api.w.org\/{rel}","templated":true}]}}